{"id":4951,"date":"2012-01-11T23:16:53","date_gmt":"2012-01-11T23:16:53","guid":{"rendered":"http:\/\/www.dorsia.se\/locations-directions"},"modified":"2020-03-17T13:07:09","modified_gmt":"2020-03-17T13:07:09","slug":"locations-directions","status":"publish","type":"page","link":"https:\/\/designapartments.se.prod.weightpoint.se\/en\/contact\/locations-directions","title":{"rendered":"Locations &#038; directions"},"content":{"rendered":"<h1>Locations &amp; directions<\/h1>\n<table style=\"height: 421px;\" width=\"587\" cellspacing=\"0\" cellpadding=\"0\">\n<tbody>\n<tr>\n<td valign=\"top\" width=\"338\">\n<div>\n<div>\u00a0<\/div>\n<div>\u00a0<\/div>\n<div style=\"text-align: center;\">\u00a0<\/div>\n<div style=\"text-align: center; padding-left: 60px;\">\n<p style=\"padding-left: 30px;\">You will find Design Apartments in Gothenburg near the Kompassen and the central station<\/p>\n<p style=\"padding-left: 30px;\">\u00d6stra Larmgatan 10<br \/>411 07 Gothenburg<\/p>\n<p>Tel: 031- 701 70 70<\/p>\n<p>Email; <a href=\"mailto:info@designapartments.se\">info@designapartments.se<\/a><\/p>\n<p><em>Telephone number; +46 31\u00a0701 70 70<\/em><\/p>\n<\/div>\n<p style=\"padding-left: 60px;\"><a href=\"http:\/\/maps.google.com\/maps?q=Tr%C3%A4dg%C3%A5rdsgatan+g%C3%B6teborg&amp;hl=sv&amp;ie=UTF8&amp;sll=59.362639,18.001013&amp;sspn=0.015834,0.045576&amp;hnear=Tr%C3%A4dg%C3%A5rdsgatan,+411+08+G%C3%B6teborg,+V%C3%A4stra+G%C3%B6talands+l%C3%A4n,+Sverige&amp;t=m&amp;z=16\" target=\"_blank\" rel=\"noopener\">\u00a0<\/a><\/p>\n<div class=\"ctrb\" style=\"text-align: center; padding-left: 90px;\"><a href=\"https:\/\/www.swedavia.se\/landvetter\/\" target=\"_blank\" rel=\"noopener\"><span class=\"chronb\">flyg<\/span> <span class=\"gothb\">landvetter flygplats<\/span><\/a><\/div>\n<div class=\"ctrb\" style=\"text-align: center; padding-left: 90px;\"><a href=\"https:\/\/www.sj.se\/sv\/hem.html#\/\" target=\"_blank\" rel=\"noopener\"><span class=\"chronb\">t\u00e5g<\/span> <span class=\"gothb\">g\u00f6teborgs centralstation<\/span><\/a><\/div>\n<div class=\"ctrb\" style=\"text-align: center; padding-left: 90px;\"><a href=\"http:\/\/www.taxigoteborg.se\/\" target=\"_blank\" rel=\"noopener\"><span class=\"chronb\">taxi<\/span> <span class=\"gothb\">boka h\u00e4r<\/span><\/a><\/div>\n<\/div>\n<\/td>\n<td style=\"padding-left: 30px;\">\n<p style=\"text-align: center; padding-left: 30px;\"><strong>google maps<\/strong><\/p>\n<p><a href=\"https:\/\/www.google.se\/maps\/place\/Design+Apartments\/@57.7059207,11.9696892,17z\/data=!3m1!4b1!4m5!3m4!1s0x464ff364e13368ef:0xb9d358ce77214d4e!8m2!3d57.7059179!4d11.9718779\" target=\"_blank\" rel=\"noopener\"><img loading=\"lazy\" decoding=\"async\" class=\"wp-image-8472 alignright\" src=\"https:\/\/www.designapartments.se\/wp-content\/uploads\/2019\/03\/Karta-stor-DA-452x640.jpg\" alt=\"\" width=\"184\" height=\"261\" srcset=\"https:\/\/dg0xulyvn7ipo.cloudfront.net\/wp-content\/uploads\/2019\/03\/Karta-stor-DA-452x640.jpg 452w, https:\/\/dg0xulyvn7ipo.cloudfront.net\/wp-content\/uploads\/2019\/03\/Karta-stor-DA-768x1086.jpg 768w, https:\/\/dg0xulyvn7ipo.cloudfront.net\/wp-content\/uploads\/2019\/03\/Karta-stor-DA-724x1024.jpg 724w\" sizes=\"auto, (max-width: 184px) 100vw, 184px\" \/><\/a><\/p>\n<\/td>\n<\/tr>\n<\/tbody>\n<\/table>\n\n\n<p><\/p>\n","protected":false},"excerpt":{"rendered":"<p>Locations &amp; directions \u00a0 \u00a0 \u00a0 You will find Design Apartments in Gothenburg near the Kompassen and the central station \u00d6stra Larmgatan 10411 07 Gothenburg Tel: 031- 701 70 70 Email; info@designapartments.se Telephone number; +46 31\u00a0701 70 70 \u00a0 flyg landvetter flygplats t\u00e5g g\u00f6teborgs centralstation taxi boka h\u00e4r google maps<\/p>\n","protected":false},"author":1,"featured_media":0,"parent":4919,"menu_order":1,"comment_status":"open","ping_status":"open","template":"page_wide.php","meta":{"_acf_changed":false,"footnotes":""},"class_list":["post-4951","page","type-page","status-publish","hentry"],"acf":[],"_links":{"self":[{"href":"https:\/\/designapartments.se.prod.weightpoint.se\/en\/wp-json\/wp\/v2\/pages\/4951","targetHints":{"allow":["GET"]}}],"collection":[{"href":"https:\/\/designapartments.se.prod.weightpoint.se\/en\/wp-json\/wp\/v2\/pages"}],"about":[{"href":"https:\/\/designapartments.se.prod.weightpoint.se\/en\/wp-json\/wp\/v2\/types\/page"}],"author":[{"embeddable":true,"href":"https:\/\/designapartments.se.prod.weightpoint.se\/en\/wp-json\/wp\/v2\/users\/1"}],"replies":[{"embeddable":true,"href":"https:\/\/designapartments.se.prod.weightpoint.se\/en\/wp-json\/wp\/v2\/comments?post=4951"}],"version-history":[{"count":35,"href":"https:\/\/designapartments.se.prod.weightpoint.se\/en\/wp-json\/wp\/v2\/pages\/4951\/revisions"}],"predecessor-version":[{"id":8897,"href":"https:\/\/designapartments.se.prod.weightpoint.se\/en\/wp-json\/wp\/v2\/pages\/4951\/revisions\/8897"}],"up":[{"embeddable":true,"href":"https:\/\/designapartments.se.prod.weightpoint.se\/en\/wp-json\/wp\/v2\/pages\/4919"}],"wp:attachment":[{"href":"https:\/\/designapartments.se.prod.weightpoint.se\/en\/wp-json\/wp\/v2\/media?parent=4951"}],"curies":[{"name":"wp","href":"https:\/\/api.w.org\/{rel}","templated":true}]}}